{"id":811,"date":"2025-02-19T11:10:51","date_gmt":"2025-02-19T10:10:51","guid":{"rendered":"https:\/\/dolomiti-mobility.it\/impronta\/"},"modified":"2025-03-17T12:18:59","modified_gmt":"2025-03-17T11:18:59","slug":"impressum","status":"publish","type":"page","link":"https:\/\/dolomiti-mobility.it\/it\/impressum\/","title":{"rendered":"Impressum"},"content":{"rendered":"\t\t<div data-elementor-type=\"wp-page\" data-elementor-id=\"811\" class=\"elementor elementor-811 elementor-705\">\n\t\t\t\t<div class=\"elementor-element elementor-element-5a56ab0 e-flex e-con-boxed e-con e-parent\" data-id=\"5a56ab0\" data-element_type=\"container\">\n\t\t\t\t\t<div class=\"e-con-inner\">\n\t\t\t\t<div class=\"elementor-element elementor-element-3f358087 elementor-mobile-align-center elementor-align-center elementor-widget elementor-widget-raven-heading\" data-id=\"3f358087\" data-element_type=\"widget\" data-widget_type=\"raven-heading.default\">\n\t\t\t\t<div class=\"elementor-widget-container\">\n\t\t\t\t\t\t\t<div class=\"raven-widget-wrapper\"><h2 class=\"raven-heading raven-heading-h2\"><span class=\"raven-heading-title \">Impressum<\/span><\/h2><\/div>\r\n\t\t\t\t\t\t<\/div>\n\t\t\t\t<\/div>\n\t\t\t\t\t<\/div>\n\t\t\t\t<\/div>\n\t\t<div class=\"elementor-element elementor-element-3f566ad8 e-flex e-con-boxed e-con e-parent\" data-id=\"3f566ad8\" data-element_type=\"container\">\n\t\t\t\t\t<div class=\"e-con-inner\">\n\t\t<div class=\"elementor-element elementor-element-2efca9d e-con-full e-flex e-con e-child\" data-id=\"2efca9d\" data-element_type=\"container\">\n\t\t\t\t<div class=\"elementor-element elementor-element-5b8850c2 elementor-widget elementor-widget-text-editor\" data-id=\"5b8850c2\" data-element_type=\"widget\" data-widget_type=\"text-editor.default\">\n\t\t\t\t<div class=\"elementor-widget-container\">\n\t\t\t\t\t\t\t\t\t<p><strong>Proprietario e responsabile per il contenuto:<br \/><\/strong>Fun Active Tours &#8211; Freddy Mair<br \/>Via Stazione 3a, 39034 Dobbiaco<br \/>Tel: +39 0474 771210<br \/><a href=\"&#109;&#x61;i&#108;&#x74;o&#58;&#x6f;f&#102;&#x69;c&#101;&#x40;f&#117;&#x6e;a&#99;&#x74;i&#118;&#x65;&#46;&#105;&#x6e;f&#111;\">&#111;f&#x66;i&#x63;e&#x40;f&#x75;&#110;&#x61;&#99;&#x74;&#105;&#x76;&#101;&#46;&#105;n&#x66;o<\/a><\/p><p>Cod.fisc + P.IVA: IT02622710214<\/p><p><strong>Material fotografico:<\/strong><br \/>FunActive Tours Gmbh, S\u00fcdtirol Marketing, Associazione Turistica Alta Pusteria<\/p><p><strong>Avviso di responsabilit\u00e0:<\/strong><br \/>I marchi e le societ\u00e0 citate su questo sito sono di propriet\u00e0 del apposito titolare.<br \/>Nonostante l\u2019attento controllo dei contenuti, non assumiamo nessuna responsabilit\u00e0 per i contenuti relativi a link esterni. Sono responsabili per il contenuto delle pagine collegate esclusivamente i gestori delle pagine stesse.<\/p>\t\t\t\t\t\t\t\t<\/div>\n\t\t\t\t<\/div>\n\t\t\t\t<\/div>\n\t\t<div class=\"elementor-element elementor-element-1dedf434 e-con-full e-flex e-con e-child\" data-id=\"1dedf434\" data-element_type=\"container\">\n\t\t\t\t<div class=\"elementor-element elementor-element-3483599 elementor-widget elementor-widget-text-editor\" data-id=\"3483599\" data-element_type=\"widget\" data-widget_type=\"text-editor.default\">\n\t\t\t\t<div class=\"elementor-widget-container\">\n\t\t\t\t\t\t\t\t\t<p><strong>Realizzazione, concetto e design:<br \/><\/strong>Fuchsdesign<br \/>Via Dolomiti 25a, 39034 Dobbiaco<br \/>Alto Adige &#8211; Italia<br \/>Tel +39 0474 979 048<br \/><a href=\"&#109;a&#105;l&#116;o&#x3a;i&#x6e;f&#x6f;&#64;&#x66;u&#x63;h&#x73;d&#x65;s&#x69;g&#x6e;&#46;&#x69;&#116;\">&#105;n&#x66;o&#x40;f&#x75;c&#x68;s&#x64;e&#x73;&#105;&#x67;&#110;&#x2e;&#105;&#x74;<\/a><br \/><a class=\"external-link-new-window\" title=\"Apre un link esterno in una nuova finestra\" href=\"http:\/\/www.fuchsdesign.it\/\" target=\"_blank\" rel=\"noopener noreferrer\">www.fuchsdesign.it<\/a><\/p><p><strong>Informazione obbligatoria ai sensi del Regolamento UE n. 524\/2016 del Parlamento europeo e del Consiglio<\/strong><br \/><a href=\"https:\/\/ec.europa.eu\/consumers\/odr\/\" target=\"_blank\" rel=\"noopener\">Piattaforma per la risoluzione delle controversie online<\/a>\u00a0dei consumatori (ODR) della Commissione europea.<\/p>\t\t\t\t\t\t\t\t<\/div>\n\t\t\t\t<\/div>\n\t\t\t\t<\/div>\n\t\t\t\t\t<\/div>\n\t\t\t\t<\/div>\n\t\t\t\t<\/div>\n\t\t","protected":false},"excerpt":{"rendered":"<p>Impressum Proprietario e responsabile per il contenuto:Fun Active Tours &#8211; Freddy MairVia Stazione 3a, 39034 DobbiacoTel: +39 0474 771210office&#64;f&#117;&#110;&#97;&#99;&#116;&#105;&#118;&#101;&#46;&#105;&#x6e;&#x66;&#x6f; Cod.fisc + P.IVA: IT02622710214 Material fotografico:FunActive Tours Gmbh, S\u00fcdtirol Marketing, Associazione Turistica Alta Pusteria Avviso di responsabilit\u00e0:I marchi e le societ\u00e0 citate su questo sito sono di propriet\u00e0 del apposito titolare.Nonostante l\u2019attento controllo dei contenuti, non [&hellip;]<\/p>\n","protected":false},"author":1,"featured_media":0,"parent":0,"menu_order":0,"comment_status":"closed","ping_status":"closed","template":"elementor_header_footer","meta":{"_acf_changed":false,"footnotes":"","_links_to":"","_links_to_target":""},"class_list":["post-811","page","type-page","status-publish","hentry"],"acf":[],"yoast_head":"<!-- This site is optimized with the Yoast SEO plugin v27.6 - https:\/\/yoast.com\/product\/yoast-seo-wordpress\/ -->\n<title>Impressum - Dolomiti Mobility<\/title>\n<meta name=\"robots\" content=\"index, follow, max-snippet:-1, max-image-preview:large, max-video-preview:-1\" \/>\n<link rel=\"canonical\" href=\"https:\/\/dolomiti-mobility.it\/it\/impressum\/\" \/>\n<meta property=\"og:locale\" content=\"it_IT\" \/>\n<meta property=\"og:type\" content=\"article\" \/>\n<meta property=\"og:title\" content=\"Impressum - Dolomiti Mobility\" \/>\n<meta property=\"og:description\" content=\"Impressum Proprietario e responsabile per il contenuto:Fun Active Tours &#8211; Freddy MairVia Stazione 3a, 39034 DobbiacoTel: +39 0474 771210o&#102;&#x66;&#x69;c&#101;&#064;&#x66;&#x75;n&#097;&#099;&#x74;&#x69;v&#101;&#x2e;&#x69;&#x6e;f&#111; Cod.fisc + P.IVA: IT02622710214 Material fotografico:FunActive Tours Gmbh, S\u00fcdtirol Marketing, Associazione Turistica Alta Pusteria Avviso di responsabilit\u00e0:I marchi e le societ\u00e0 citate su questo sito sono di propriet\u00e0 del apposito titolare.Nonostante l\u2019attento controllo dei contenuti, non [&hellip;]\" \/>\n<meta property=\"og:url\" content=\"https:\/\/dolomiti-mobility.it\/it\/impressum\/\" \/>\n<meta property=\"og:site_name\" content=\"Dolomiti Mobility\" \/>\n<meta property=\"article:modified_time\" content=\"2025-03-17T11:18:59+00:00\" \/>\n<meta name=\"twitter:card\" content=\"summary_large_image\" \/>\n<meta name=\"twitter:label1\" content=\"Tempo di lettura stimato\" \/>\n\t<meta name=\"twitter:data1\" content=\"1 minuto\" \/>\n<script type=\"application\/ld+json\" class=\"yoast-schema-graph\">{\"@context\":\"https:\\\/\\\/schema.org\",\"@graph\":[{\"@type\":\"WebPage\",\"@id\":\"https:\\\/\\\/dolomiti-mobility.it\\\/it\\\/impressum\\\/\",\"url\":\"https:\\\/\\\/dolomiti-mobility.it\\\/it\\\/impressum\\\/\",\"name\":\"Impressum - Dolomiti Mobility\",\"isPartOf\":{\"@id\":\"https:\\\/\\\/dolomiti-mobility.it\\\/#website\"},\"datePublished\":\"2025-02-19T10:10:51+00:00\",\"dateModified\":\"2025-03-17T11:18:59+00:00\",\"breadcrumb\":{\"@id\":\"https:\\\/\\\/dolomiti-mobility.it\\\/it\\\/impressum\\\/#breadcrumb\"},\"inLanguage\":\"it-IT\",\"potentialAction\":[{\"@type\":\"ReadAction\",\"target\":[\"https:\\\/\\\/dolomiti-mobility.it\\\/it\\\/impressum\\\/\"]}]},{\"@type\":\"BreadcrumbList\",\"@id\":\"https:\\\/\\\/dolomiti-mobility.it\\\/it\\\/impressum\\\/#breadcrumb\",\"itemListElement\":[{\"@type\":\"ListItem\",\"position\":1,\"name\":\"Startseite\",\"item\":\"https:\\\/\\\/dolomiti-mobility.it\\\/it\\\/\"},{\"@type\":\"ListItem\",\"position\":2,\"name\":\"Impressum\"}]},{\"@type\":\"WebSite\",\"@id\":\"https:\\\/\\\/dolomiti-mobility.it\\\/#website\",\"url\":\"https:\\\/\\\/dolomiti-mobility.it\\\/\",\"name\":\"Dolomiti Mobility\",\"description\":\"\",\"publisher\":{\"@id\":\"https:\\\/\\\/dolomiti-mobility.it\\\/#organization\"},\"potentialAction\":[{\"@type\":\"SearchAction\",\"target\":{\"@type\":\"EntryPoint\",\"urlTemplate\":\"https:\\\/\\\/dolomiti-mobility.it\\\/?s={search_term_string}\"},\"query-input\":{\"@type\":\"PropertyValueSpecification\",\"valueRequired\":true,\"valueName\":\"search_term_string\"}}],\"inLanguage\":\"it-IT\"},{\"@type\":\"Organization\",\"@id\":\"https:\\\/\\\/dolomiti-mobility.it\\\/#organization\",\"name\":\"Dolomiti Mobility\",\"url\":\"https:\\\/\\\/dolomiti-mobility.it\\\/\",\"logo\":{\"@type\":\"ImageObject\",\"inLanguage\":\"it-IT\",\"@id\":\"https:\\\/\\\/dolomiti-mobility.it\\\/#\\\/schema\\\/logo\\\/image\\\/\",\"url\":\"https:\\\/\\\/dolomiti-mobility.it\\\/wp-content\\\/uploads\\\/dolomiti-mobility-logo.png\",\"contentUrl\":\"https:\\\/\\\/dolomiti-mobility.it\\\/wp-content\\\/uploads\\\/dolomiti-mobility-logo.png\",\"width\":666,\"height\":288,\"caption\":\"Dolomiti Mobility\"},\"image\":{\"@id\":\"https:\\\/\\\/dolomiti-mobility.it\\\/#\\\/schema\\\/logo\\\/image\\\/\"}}]}<\/script>\n<!-- \/ Yoast SEO plugin. -->","yoast_head_json":{"title":"Impressum - Dolomiti Mobility","robots":{"index":"index","follow":"follow","max-snippet":"max-snippet:-1","max-image-preview":"max-image-preview:large","max-video-preview":"max-video-preview:-1"},"canonical":"https:\/\/dolomiti-mobility.it\/it\/impressum\/","og_locale":"it_IT","og_type":"article","og_title":"Impressum - Dolomiti Mobility","og_description":"Impressum Proprietario e responsabile per il contenuto:Fun Active Tours &#8211; Freddy MairVia Stazione 3a, 39034 DobbiacoTel: +39 0474 771210o&#102;&#x66;&#x69;c&#101;&#64;&#x66;&#x75;n&#97;&#99;&#x74;&#x69;v&#101;&#x2e;&#x69;&#x6e;f&#111; Cod.fisc + P.IVA: IT02622710214 Material fotografico:FunActive Tours Gmbh, S\u00fcdtirol Marketing, Associazione Turistica Alta Pusteria Avviso di responsabilit\u00e0:I marchi e le societ\u00e0 citate su questo sito sono di propriet\u00e0 del apposito titolare.Nonostante l\u2019attento controllo dei contenuti, non [&hellip;]","og_url":"https:\/\/dolomiti-mobility.it\/it\/impressum\/","og_site_name":"Dolomiti Mobility","article_modified_time":"2025-03-17T11:18:59+00:00","twitter_card":"summary_large_image","twitter_misc":{"Tempo di lettura stimato":"1 minuto"},"schema":{"@context":"https:\/\/schema.org","@graph":[{"@type":"WebPage","@id":"https:\/\/dolomiti-mobility.it\/it\/impressum\/","url":"https:\/\/dolomiti-mobility.it\/it\/impressum\/","name":"Impressum - Dolomiti Mobility","isPartOf":{"@id":"https:\/\/dolomiti-mobility.it\/#website"},"datePublished":"2025-02-19T10:10:51+00:00","dateModified":"2025-03-17T11:18:59+00:00","breadcrumb":{"@id":"https:\/\/dolomiti-mobility.it\/it\/impressum\/#breadcrumb"},"inLanguage":"it-IT","potentialAction":[{"@type":"ReadAction","target":["https:\/\/dolomiti-mobility.it\/it\/impressum\/"]}]},{"@type":"BreadcrumbList","@id":"https:\/\/dolomiti-mobility.it\/it\/impressum\/#breadcrumb","itemListElement":[{"@type":"ListItem","position":1,"name":"Startseite","item":"https:\/\/dolomiti-mobility.it\/it\/"},{"@type":"ListItem","position":2,"name":"Impressum"}]},{"@type":"WebSite","@id":"https:\/\/dolomiti-mobility.it\/#website","url":"https:\/\/dolomiti-mobility.it\/","name":"Dolomiti Mobility","description":"","publisher":{"@id":"https:\/\/dolomiti-mobility.it\/#organization"},"potentialAction":[{"@type":"SearchAction","target":{"@type":"EntryPoint","urlTemplate":"https:\/\/dolomiti-mobility.it\/?s={search_term_string}"},"query-input":{"@type":"PropertyValueSpecification","valueRequired":true,"valueName":"search_term_string"}}],"inLanguage":"it-IT"},{"@type":"Organization","@id":"https:\/\/dolomiti-mobility.it\/#organization","name":"Dolomiti Mobility","url":"https:\/\/dolomiti-mobility.it\/","logo":{"@type":"ImageObject","inLanguage":"it-IT","@id":"https:\/\/dolomiti-mobility.it\/#\/schema\/logo\/image\/","url":"https:\/\/dolomiti-mobility.it\/wp-content\/uploads\/dolomiti-mobility-logo.png","contentUrl":"https:\/\/dolomiti-mobility.it\/wp-content\/uploads\/dolomiti-mobility-logo.png","width":666,"height":288,"caption":"Dolomiti Mobility"},"image":{"@id":"https:\/\/dolomiti-mobility.it\/#\/schema\/logo\/image\/"}}]}},"_links":{"self":[{"href":"https:\/\/dolomiti-mobility.it\/it\/wp-json\/wp\/v2\/pages\/811","targetHints":{"allow":["GET"]}}],"collection":[{"href":"https:\/\/dolomiti-mobility.it\/it\/wp-json\/wp\/v2\/pages"}],"about":[{"href":"https:\/\/dolomiti-mobility.it\/it\/wp-json\/wp\/v2\/types\/page"}],"author":[{"embeddable":true,"href":"https:\/\/dolomiti-mobility.it\/it\/wp-json\/wp\/v2\/users\/1"}],"replies":[{"embeddable":true,"href":"https:\/\/dolomiti-mobility.it\/it\/wp-json\/wp\/v2\/comments?post=811"}],"version-history":[{"count":5,"href":"https:\/\/dolomiti-mobility.it\/it\/wp-json\/wp\/v2\/pages\/811\/revisions"}],"predecessor-version":[{"id":1359,"href":"https:\/\/dolomiti-mobility.it\/it\/wp-json\/wp\/v2\/pages\/811\/revisions\/1359"}],"wp:attachment":[{"href":"https:\/\/dolomiti-mobility.it\/it\/wp-json\/wp\/v2\/media?parent=811"}],"curies":[{"name":"wp","href":"https:\/\/api.w.org\/{rel}","templated":true}]}}